{"id":579,"date":"2018-02-15T17:29:43","date_gmt":"2018-02-15T17:29:43","guid":{"rendered":"http:\/\/searadordens.com\/?post_type=product&#038;p=579"},"modified":"2024-11-30T15:19:31","modified_gmt":"2024-11-30T15:19:31","slug":"quinta-seara-dordens-porto-special-reserve-tawny","status":"publish","type":"product","link":"https:\/\/searadordens.com\/en\/produtos\/quinta-seara-dordens-porto-special-reserve-tawny\/","title":{"rendered":"Quinta Seara d&#039;Ordens Porto Reserva Tawny"},"content":{"rendered":"<div data-vc-full-width=\"true\" data-vc-full-width-init=\"false\" data-vc-stretch-content=\"true\" class=\"vc_row wpb_row vc_row-fluid vc_row-o-full-height vc_row-o-columns-middle vc_row-o-equal-height vc_row-o-content-middle vc_row-flex\"><div class=\"wpb_column vc_column_container vc_col-sm-7 vc_col-has-fill\"><div class=\"vc_column-inner vc_custom_1519994777632\"><div class=\"wpb_wrapper\">\n\t<div  class=\"wpb_single_image wpb_content_element vc_align_center\">\n\t\t\n\t\t<figure class=\"wpb_wrapper vc_figure\">\n\t\t\t<div class=\"vc_single_image-wrapper   vc_box_border_grey\"><img loading=\"lazy\" decoding=\"async\" class=\"vc_single_image-img\" src=\"https:\/\/searadordens.com\/wp-content\/uploads\/2019\/01\/quinta-seara-dordens-porto-reserva-tawny-334x680.png\" width=\"334\" height=\"680\" alt=\"Quinta Seara d&#039;Ordens Porto Reserva Tawny\" title=\"Quinta Seara d&#039;Ordens Porto Reserva Tawny\" \/><\/div>\n\t\t<\/figure>\n\t<\/div>\n<\/div><\/div><\/div><div class=\"wpb_column vc_column_container vc_col-sm-5 vc_col-has-fill\"><div class=\"vc_column-inner vc_custom_1519130715680\"><div class=\"wpb_wrapper\">\n\t<div class=\"wpb_text_column wpb_content_element\" >\n\t\t<div class=\"wpb_wrapper\">\n\t\t\t<h5 style=\"margin: 0px; padding: 0px; text-align: left;\"><span style=\"color: #a80000;\">PORT WINE<\/span><\/h5>\n<p style=\"font-family: Alegreya; font-size: 30px; margin: 0px; padding: 0px; text-align: left;\"><span style=\"color: #000000;\">QUINTA SEARA D&#039;ORDENS PORTO RESERVA TAWNY<\/span><\/p>\n<p style=\"font-size: 17px; text-align: left;\">This Reserva da Quinta, with its unique personality and character, is obtained through a rigorous selection of the noblest Douro grape varieties, vinified at the Quinta, and results from a blend aged for 8 to 10 years. Its aging process involves a long period in oak casks. On the palate, it presents a deep golden color with brilliant topaz reflections, an evolved and pronounced bouquet dominated by dried fruits, and a velvety, rich, and complex flavor. Port wine is a natural product, subject to sediment formation with age. It is recommended to serve with caution to avoid cloudiness.<\/p>\n\n\t\t<\/div>\n\t<\/div>\n<div class=\"vc_row wpb_row vc_inner vc_row-fluid\"><div class=\"wpb_column vc_column_container vc_col-sm-4\"><div class=\"vc_column-inner\"><div class=\"wpb_wrapper\"><div \tclass=\"vc_icon_element vc_icon_element-outer vc_custom_1519129913969 vc_icon_element-align-left\">\n\t<div class=\"vc_icon_element-inner vc_icon_element-color-custom vc_icon_element-size-lg vc_icon_element-style- vc_icon_element-background-color-grey\">\n\t\t<span class=\"vc_icon_element-icon vc_li vc_li-location\" style=\"color:#a80000 !important\"><\/span><\/div>\n<\/div>\n\n\t<div class=\"wpb_text_column wpb_content_element\" >\n\t\t<div class=\"wpb_wrapper\">\n\t\t\t<h3 style=\"margin: 0px; padding: 0px; text-align: left;\"><span style=\"color: #000000;\">REGION<\/span><\/h3>\n<p style=\"font-size: 17px; text-align: left;\"><span style=\"color: #575757;\">Porto &amp; Douro<\/span><\/p>\n\n\t\t<\/div>\n\t<\/div>\n<\/div><\/div><\/div><div class=\"wpb_column vc_column_container vc_col-sm-4\"><div class=\"vc_column-inner\"><div class=\"wpb_wrapper\">\n\t<div class=\"wpb_raw_code wpb_content_element wpb_raw_html vc_custom_1519229104214\" >\n\t\t<div class=\"wpb_wrapper\">\n\t\t\t<span class=\"icon-grape-icon\"><\/span>\n\t\t<\/div>\n\t<\/div>\n\n\t<div class=\"wpb_text_column wpb_content_element\" >\n\t\t<div class=\"wpb_wrapper\">\n\t\t\t<h3 style=\"margin: 0px; padding: 0px; text-align: left;\"><span style=\"color: #000000;\">CASTES<\/span><\/h3>\n<p style=\"font-size: 17px; text-align: left;\"><span style=\"color: #575757;\">The noblest grape varieties of the Douro<\/span><\/p>\n\n\t\t<\/div>\n\t<\/div>\n<\/div><\/div><\/div><div class=\"wpb_column vc_column_container vc_col-sm-4\"><div class=\"vc_column-inner\"><div class=\"wpb_wrapper\">\n\t<div class=\"wpb_raw_code wpb_content_element wpb_raw_html vc_custom_1519229114060\" >\n\t\t<div class=\"wpb_wrapper\">\n\t\t\t<span class=\"icon-wine-icon\"><\/span>\n\t\t<\/div>\n\t<\/div>\n\n\t<div class=\"wpb_text_column wpb_content_element\" >\n\t\t<div class=\"wpb_wrapper\">\n\t\t\t<h3 style=\"margin: 0px; padding: 0px; text-align: left;\"><span style=\"color: #000000;\">ALCOHOL CONTENT<\/span><\/h3>\n<p style=\"font-size: 17px; text-align: left;\"><span style=\"color: #575757;\">19,5% Vol.<\/span><\/p>\n\n\t\t<\/div>\n\t<\/div>\n<\/div><\/div><\/div><\/div><div class=\"vc_empty_space\"   style=\"height: 50px\" ><span class=\"vc_empty_space_inner\"><\/span><\/div>\n<div class=\"basel-button-wrapper text-center\"><a  target=\" _blank\" rel=\"\" title=\"\" href=\"\/wp-content\/uploads\/2019\/01\/FT-Quinta-Seara-dOrdens-Porto-Reserva-Tawny-1.pdf\" class=\"btn btn-color-primary btn-style-default btn-size-extra-large\">Technical Specifications<\/a><\/div><\/div><\/div><\/div><\/div><div class=\"vc_row-full-width vc_clearfix\"><\/div><div data-vc-full-width=\"true\" data-vc-full-width-init=\"false\" data-vc-stretch-content=\"true\" class=\"vc_row wpb_row vc_row-fluid vc_row-o-equal-height vc_row-o-content-middle vc_row-flex\"><div class=\"wpb_column vc_column_container vc_col-sm-5\"><div class=\"vc_column-inner vc_custom_1519131442332\"><div class=\"wpb_wrapper\"><div \tclass=\"vc_icon_element vc_icon_element-outer vc_custom_1519129346535 vc_icon_element-align-left\">\n\t<div class=\"vc_icon_element-inner vc_icon_element-color-custom vc_icon_element-size-md vc_icon_element-style- vc_icon_element-background-color-grey\">\n\t\t<span class=\"vc_icon_element-icon fa fa-hourglass-o\" style=\"color:#a80000 !important\"><\/span><\/div>\n<\/div>\n\n\t<div class=\"wpb_text_column wpb_content_element\" >\n\t\t<div class=\"wpb_wrapper\">\n\t\t\t<h3 style=\"margin: 0px; padding: 0px; text-align: left;\"><span style=\"color: #000000;\">AGING CURVE<\/span><\/h3>\n<p style=\"font-size: 17px; text-align: left;\">It is an intense, highly evolved, and fresh wine. It is expected to age well in the bottle for several years after bottling.<\/p>\n\n\t\t<\/div>\n\t<\/div>\n<div \tclass=\"vc_icon_element vc_icon_element-outer vc_custom_1519129610779 vc_icon_element-align-left\">\n\t<div class=\"vc_icon_element-inner vc_icon_element-color-custom vc_icon_element-size-md vc_icon_element-style- vc_icon_element-background-color-grey\">\n\t\t<span class=\"vc_icon_element-icon fa fa-sticky-note-o\" style=\"color:#a80000 !important\"><\/span><\/div>\n<\/div>\n\n\t<div class=\"wpb_text_column wpb_content_element\" >\n\t\t<div class=\"wpb_wrapper\">\n\t\t\t<h3 style=\"margin: 0px; padding: 0px;\"><span style=\"color: #000000;\">TEST NOTES<\/span><\/h3>\n<p style=\"font-size: 17px;\">Golden in color with topaz reflections, the Reserva Tawny is a Port wine that presents an evolved and pronounced bouquet on the nose with notes of dried fruit. On the palate, it reveals itself to be velvety, rich, complex, with hints of spices.<\/p>\n\n\t\t<\/div>\n\t<\/div>\n<div \tclass=\"vc_icon_element vc_icon_element-outer vc_custom_1519129001714 vc_icon_element-align-left\">\n\t<div class=\"vc_icon_element-inner vc_icon_element-color-custom vc_icon_element-size-lg vc_icon_element-style- vc_icon_element-background-color-grey\">\n\t\t<span class=\"vc_icon_element-icon vc_li vc_li-food\" style=\"color:#a80000 !important\"><\/span><\/div>\n<\/div>\n\n\t<div class=\"wpb_text_column wpb_content_element\" >\n\t\t<div class=\"wpb_wrapper\">\n\t\t\t<h3 style=\"margin: 0px; padding: 0px;\"><span style=\"color: #000000;\">GASTRONOMY<\/span><\/h3>\n<p style=\"font-size: 17px;\">Cheeses from the Serra da Estrela region, regional desserts, sponge cake, dried fruits.<\/p>\n\n\t\t<\/div>\n\t<\/div>\n<\/div><\/div><\/div><div class=\"wpb_column vc_column_container vc_col-sm-7 vc_col-has-fill\"><div class=\"vc_column-inner vc_custom_1520347078936\"><div class=\"wpb_wrapper\"><\/div><\/div><\/div><\/div><div class=\"vc_row-full-width vc_clearfix\"><\/div>","protected":false},"excerpt":{"rendered":"VINHO DO PORTO QUINTA SEARA D'ORDENS PORTO RESERVA TAWNY Este Reserva da Quinta, com personalidade e car\u00e1cter \u00fanico, \u00e9 obtido","protected":false},"featured_media":2144,"comment_status":"open","ping_status":"closed","template":"","meta":[],"product_brand":[],"product_cat":[39,18],"product_tag":[],"class_list":{"0":"post-579","1":"product","2":"type-product","3":"status-publish","4":"has-post-thumbnail","6":"product_cat-todos-vinhos-seara-dordens","7":"product_cat-vinho-do-porto","9":"first","10":"instock","11":"shipping-taxable","12":"product-type-simple"},"_links":{"self":[{"href":"https:\/\/searadordens.com\/en\/wp-json\/wp\/v2\/product\/579","targetHints":{"allow":["GET"]}}],"collection":[{"href":"https:\/\/searadordens.com\/en\/wp-json\/wp\/v2\/product"}],"about":[{"href":"https:\/\/searadordens.com\/en\/wp-json\/wp\/v2\/types\/product"}],"replies":[{"embeddable":true,"href":"https:\/\/searadordens.com\/en\/wp-json\/wp\/v2\/comments?post=579"}],"wp:featuredmedia":[{"embeddable":true,"href":"https:\/\/searadordens.com\/en\/wp-json\/wp\/v2\/media\/2144"}],"wp:attachment":[{"href":"https:\/\/searadordens.com\/en\/wp-json\/wp\/v2\/media?parent=579"}],"wp:term":[{"taxonomy":"product_brand","embeddable":true,"href":"https:\/\/searadordens.com\/en\/wp-json\/wp\/v2\/product_brand?post=579"},{"taxonomy":"product_cat","embeddable":true,"href":"https:\/\/searadordens.com\/en\/wp-json\/wp\/v2\/product_cat?post=579"},{"taxonomy":"product_tag","embeddable":true,"href":"https:\/\/searadordens.com\/en\/wp-json\/wp\/v2\/product_tag?post=579"}],"curies":[{"name":"wp","href":"https:\/\/api.w.org\/{rel}","templated":true}]}}