{"id":3396,"date":"2024-11-24T17:12:25","date_gmt":"2024-11-24T17:12:25","guid":{"rendered":"https:\/\/searadordens.com\/?post_type=product&#038;p=3396"},"modified":"2024-11-24T17:38:18","modified_gmt":"2024-11-24T17:38:18","slug":"quinta-seara-dordens-azeite-extra-virgem-selection","status":"publish","type":"product","link":"https:\/\/searadordens.com\/en\/produtos\/quinta-seara-dordens-azeite-extra-virgem-selection\/","title":{"rendered":"Selection Extra Virgin Olive Oil"},"content":{"rendered":"<div data-vc-full-width=\"true\" data-vc-full-width-init=\"false\" data-vc-stretch-content=\"true\" class=\"vc_row wpb_row vc_row-fluid vc_row-o-full-height vc_row-o-columns-middle vc_row-o-equal-height vc_row-o-content-middle vc_row-flex\"><div class=\"wpb_column vc_column_container vc_col-sm-7 vc_col-has-fill\"><div class=\"vc_column-inner vc_custom_1732469856207\"><div class=\"wpb_wrapper\">\n\t<div  class=\"wpb_single_image wpb_content_element vc_align_center\">\n\t\t\n\t\t<figure class=\"wpb_wrapper vc_figure\">\n\t\t\t<div class=\"vc_single_image-wrapper   vc_box_border_grey\"><img loading=\"lazy\" decoding=\"async\" class=\"vc_single_image-img\" src=\"https:\/\/searadordens.com\/wp-content\/uploads\/2024\/11\/azeite-e-caixa-quinta-seara-dordens-douro-400x700.png\" width=\"400\" height=\"700\" alt=\"azeite-virgem-extra-caixa-quinta-seara-dordens-douro\" title=\"extra-virgin olive oil, box, Quinta Seara, Dordens, Douro\" \/><\/div>\n\t\t<\/figure>\n\t<\/div>\n<\/div><\/div><\/div><div class=\"wpb_column vc_column_container vc_col-sm-5 vc_col-has-fill\"><div class=\"vc_column-inner vc_custom_1519130715680\"><div class=\"wpb_wrapper\">\n\t<div class=\"wpb_text_column wpb_content_element\" >\n\t\t<div class=\"wpb_wrapper\">\n\t\t\t<h5 style=\"margin: 0px; padding: 0px; text-align: left;\"><span style=\"color: #a80000;\">Extra Virgin Olive Oil<\/span><\/h5>\n<p style=\"font-family: Alegreya; font-size: 30px; margin: 0px; padding: 0px; text-align: left;\"><span style=\"color: #000000;\">EXTRA VIRGIN OLIVE OIL SELECTION<br \/>\n<\/span><\/p>\n<p style=\"font-size: 17px; text-align: left;\"><span style=\"color: #575757;\">Quinta Seara d&#039;Ordens, known for its excellent wines, offers consumers an extra virgin olive oil, sourced from centuries-old olive trees on the estate.<\/span><\/p>\n\n\t\t<\/div>\n\t<\/div>\n<div class=\"vc_row wpb_row vc_inner vc_row-fluid\"><div class=\"wpb_column vc_column_container vc_col-sm-4\"><div class=\"vc_column-inner\"><div class=\"wpb_wrapper\"><div \tclass=\"vc_icon_element vc_icon_element-outer vc_custom_1519129913969 vc_icon_element-align-left\">\n\t<div class=\"vc_icon_element-inner vc_icon_element-color-custom vc_icon_element-size-lg vc_icon_element-style- vc_icon_element-background-color-grey\">\n\t\t<span class=\"vc_icon_element-icon vc_li vc_li-location\" style=\"color:#a80000 !important\"><\/span><\/div>\n<\/div>\n\n\t<div class=\"wpb_text_column wpb_content_element\" >\n\t\t<div class=\"wpb_wrapper\">\n\t\t\t<h3 style=\"margin: 0px; padding: 0px; text-align: left;\"><span style=\"color: #000000;\">REGION<\/span><\/h3>\n<p style=\"font-size: 17px; text-align: left;\"><span style=\"color: #575757;\">Douro DOC.<\/span><\/p>\n\n\t\t<\/div>\n\t<\/div>\n<\/div><\/div><\/div><div class=\"wpb_column vc_column_container vc_col-sm-4\"><div class=\"vc_column-inner\"><div class=\"wpb_wrapper\">\n\t<div class=\"wpb_raw_code wpb_content_element wpb_raw_html vc_custom_1519229104214\" >\n\t\t<div class=\"wpb_wrapper\">\n\t\t\t<span class=\"icon-grape-icon\"><\/span>\n\t\t<\/div>\n\t<\/div>\n\n\t<div class=\"wpb_text_column wpb_content_element\" >\n\t\t<div class=\"wpb_wrapper\">\n\t\t\t<h3 style=\"margin: 0px; padding: 0px; text-align: left;\"><span style=\"color: #000000;\">Varieties<\/span><\/h3>\n<p>Cobran\u00e7osa, Cordovil, Verdeal, Picual, Negruxa.<\/p>\n\n\t\t<\/div>\n\t<\/div>\n<\/div><\/div><\/div><div class=\"wpb_column vc_column_container vc_col-sm-4\"><div class=\"vc_column-inner\"><div class=\"wpb_wrapper\">\n\t<div class=\"wpb_raw_code wpb_content_element wpb_raw_html vc_custom_1519229114060\" >\n\t\t<div class=\"wpb_wrapper\">\n\t\t\t<span class=\"icon-wine-icon\"><\/span>\n\t\t<\/div>\n\t<\/div>\n\n\t<div class=\"wpb_text_column wpb_content_element\" >\n\t\t<div class=\"wpb_wrapper\">\n\t\t\t<h3 style=\"margin: 0px; padding: 0px; text-align: left;\"><span style=\"color: #000000;\">Acidity<\/span><\/h3>\n<p style=\"font-size: 17px; text-align: left;\"><span style=\"color: #575757;\">Max. 0.2%<\/span><\/p>\n\n\t\t<\/div>\n\t<\/div>\n<\/div><\/div><\/div><\/div><div class=\"vc_empty_space\"   style=\"height: 50px\" ><span class=\"vc_empty_space_inner\"><\/span><\/div>\n<div class=\"basel-button-wrapper text-center\"><a  target=\" _blank\" rel=\"\" title=\"\" href=\"https:\/\/searadordens.com\/wp-content\/uploads\/2024\/11\/Azeite-Virgem-Extra.pdf\" class=\"btn btn-color-primary btn-style-default btn-size-extra-large\">Technical Specifications<\/a><\/div><\/div><\/div><\/div><\/div><div class=\"vc_row-full-width vc_clearfix\"><\/div><div data-vc-full-width=\"true\" data-vc-full-width-init=\"false\" data-vc-stretch-content=\"true\" class=\"vc_row wpb_row vc_row-fluid vc_row-o-equal-height vc_row-o-content-middle vc_row-flex\"><div class=\"wpb_column vc_column_container vc_col-sm-5\"><div class=\"vc_column-inner vc_custom_1519131442332\"><div class=\"wpb_wrapper\"><div \tclass=\"vc_icon_element vc_icon_element-outer vc_custom_1519129346535 vc_icon_element-align-left\">\n\t<div class=\"vc_icon_element-inner vc_icon_element-color-custom vc_icon_element-size-md vc_icon_element-style- vc_icon_element-background-color-grey\">\n\t\t<span class=\"vc_icon_element-icon fa fa-hourglass-o\" style=\"color:#a80000 !important\"><\/span><\/div>\n<\/div>\n\n\t<div class=\"wpb_text_column wpb_content_element\" >\n\t\t<div class=\"wpb_wrapper\">\n\t\t\t<h3 style=\"margin: 0px; padding: 0px; text-align: left;\"><span style=\"color: #000000;\">Conservation<\/span><\/h3>\n<p style=\"font-size: 17px; text-align: left;\"><span style=\"color: #575757;\">Store in a cool, dry place, away from direct sunlight.<\/span><\/p>\n\n\t\t<\/div>\n\t<\/div>\n<div \tclass=\"vc_icon_element vc_icon_element-outer vc_custom_1519129610779 vc_icon_element-align-left\">\n\t<div class=\"vc_icon_element-inner vc_icon_element-color-custom vc_icon_element-size-md vc_icon_element-style- vc_icon_element-background-color-grey\">\n\t\t<span class=\"vc_icon_element-icon fa fa-sticky-note-o\" style=\"color:#a80000 !important\"><\/span><\/div>\n<\/div>\n\n\t<div class=\"wpb_text_column wpb_content_element\" >\n\t\t<div class=\"wpb_wrapper\">\n\t\t\t<h3 style=\"margin: 0px; padding: 0px;\"><span style=\"color: #000000;\">TEST NOTES<\/span><\/h3>\n<p style=\"font-size: 17px;\">A fruity, ripe olive oil with a well-balanced spiciness and bitterness, and an excellent finish. With good acidity and balanced freshness, the elegance and complexity of this olive oil offer a unique experience.<\/p>\n\n\t\t<\/div>\n\t<\/div>\n<\/div><\/div><\/div><div class=\"wpb_column vc_column_container vc_col-sm-7 vc_col-has-fill\"><div class=\"vc_column-inner vc_custom_1732469890672\"><div class=\"wpb_wrapper\"><\/div><\/div><\/div><\/div><div class=\"vc_row-full-width vc_clearfix\"><\/div>","protected":false},"excerpt":{"rendered":"Azeite Extra Virgem AZEITE EXTRA VIRGEM SELECTION A Quinta Seara d\u2019Ordens, conhecida pelos seus excelentes vinhos, coloca \u00e0 disposi\u00e7\u00e3o dos","protected":false},"featured_media":3397,"comment_status":"open","ping_status":"closed","template":"","meta":[],"product_brand":[],"product_cat":[39,51],"product_tag":[],"class_list":{"0":"post-3396","1":"product","2":"type-product","3":"status-publish","4":"has-post-thumbnail","6":"product_cat-todos-vinhos-seara-dordens","7":"product_cat-azeite","9":"first","10":"instock","11":"shipping-taxable","12":"product-type-simple"},"_links":{"self":[{"href":"https:\/\/searadordens.com\/en\/wp-json\/wp\/v2\/product\/3396","targetHints":{"allow":["GET"]}}],"collection":[{"href":"https:\/\/searadordens.com\/en\/wp-json\/wp\/v2\/product"}],"about":[{"href":"https:\/\/searadordens.com\/en\/wp-json\/wp\/v2\/types\/product"}],"replies":[{"embeddable":true,"href":"https:\/\/searadordens.com\/en\/wp-json\/wp\/v2\/comments?post=3396"}],"wp:featuredmedia":[{"embeddable":true,"href":"https:\/\/searadordens.com\/en\/wp-json\/wp\/v2\/media\/3397"}],"wp:attachment":[{"href":"https:\/\/searadordens.com\/en\/wp-json\/wp\/v2\/media?parent=3396"}],"wp:term":[{"taxonomy":"product_brand","embeddable":true,"href":"https:\/\/searadordens.com\/en\/wp-json\/wp\/v2\/product_brand?post=3396"},{"taxonomy":"product_cat","embeddable":true,"href":"https:\/\/searadordens.com\/en\/wp-json\/wp\/v2\/product_cat?post=3396"},{"taxonomy":"product_tag","embeddable":true,"href":"https:\/\/searadordens.com\/en\/wp-json\/wp\/v2\/product_tag?post=3396"}],"curies":[{"name":"wp","href":"https:\/\/api.w.org\/{rel}","templated":true}]}}