{"id":2833,"date":"2021-11-30T10:31:43","date_gmt":"2021-11-30T10:31:43","guid":{"rendered":"http:\/\/searadordens.com\/?post_type=product&#038;p=2833"},"modified":"2024-11-30T14:22:22","modified_gmt":"2024-11-30T14:22:22","slug":"quinta-seara-dordens-vindimas-3-edicao","status":"publish","type":"product","link":"https:\/\/searadordens.com\/en\/produtos\/quinta-seara-dordens-vindimas-3-edicao\/","title":{"rendered":"Quinta Seara d&#039;Ordens Harvest 3rd Edition"},"content":{"rendered":"<div data-vc-full-width=\"true\" data-vc-full-width-init=\"false\" data-vc-stretch-content=\"true\" class=\"vc_row wpb_row vc_row-fluid vc_row-o-full-height vc_row-o-columns-middle vc_row-o-equal-height vc_row-o-content-middle vc_row-flex\"><div class=\"wpb_column vc_column_container vc_col-sm-7 vc_col-has-fill\"><div class=\"vc_column-inner vc_custom_1520350690599\"><div class=\"wpb_wrapper\">\n\t<div  class=\"wpb_single_image wpb_content_element vc_align_center\">\n\t\t\n\t\t<figure class=\"wpb_wrapper vc_figure\">\n\t\t\t<div class=\"vc_single_image-wrapper   vc_box_border_grey\"><img loading=\"lazy\" decoding=\"async\" class=\"vc_single_image-img\" src=\"https:\/\/searadordens.com\/wp-content\/uploads\/2021\/11\/Meu-projeto-3-400x700.png\" width=\"400\" height=\"700\" alt=\"Meu projeto (3)\" title=\"My project (3)\" \/><\/div>\n\t\t<\/figure>\n\t<\/div>\n<\/div><\/div><\/div><div class=\"wpb_column vc_column_container vc_col-sm-5 vc_col-has-fill\"><div class=\"vc_column-inner vc_custom_1519130715680\"><div class=\"wpb_wrapper\">\n\t<div class=\"wpb_text_column wpb_content_element\" >\n\t\t<div class=\"wpb_wrapper\">\n\t\t\t<h5 style=\"margin: 0px; padding: 0px; text-align: left;\"><span style=\"color: #a80000;\">DOURO WINE<\/span><\/h5>\n<p style=\"font-family: Alegreya; font-size: 30px; margin: 0px; padding: 0px; text-align: left;\"><span style=\"color: #000000;\">QUINTA SEARA D&#039;ORDENS VINDIMAS 3rd EDITION<\/span><\/p>\n<p style=\"font-size: 17px; text-align: left;\">The Vindimas editions aim to launch distinctive wines onto the market, and this 3rd edition stands out for its blend of several vintages. Through careful winemaking, the best batches were selected and stored in our cellars.<\/p>\n\n\t\t<\/div>\n\t<\/div>\n<div class=\"vc_row wpb_row vc_inner vc_row-fluid\"><div class=\"wpb_column vc_column_container vc_col-sm-4\"><div class=\"vc_column-inner\"><div class=\"wpb_wrapper\"><div \tclass=\"vc_icon_element vc_icon_element-outer vc_custom_1519129913969 vc_icon_element-align-left\">\n\t<div class=\"vc_icon_element-inner vc_icon_element-color-custom vc_icon_element-size-lg vc_icon_element-style- vc_icon_element-background-color-grey\">\n\t\t<span class=\"vc_icon_element-icon vc_li vc_li-location\" style=\"color:#a80000 !important\"><\/span><\/div>\n<\/div>\n\n\t<div class=\"wpb_text_column wpb_content_element\" >\n\t\t<div class=\"wpb_wrapper\">\n\t\t\t<h3 style=\"margin: 0px; padding: 0px; text-align: left;\"><span style=\"color: #000000;\">REGION<\/span><\/h3>\n<p style=\"font-size: 17px; text-align: left;\"><span style=\"color: #575757;\">Douro DOC.<\/span><\/p>\n\n\t\t<\/div>\n\t<\/div>\n<\/div><\/div><\/div><div class=\"wpb_column vc_column_container vc_col-sm-4\"><div class=\"vc_column-inner\"><div class=\"wpb_wrapper\">\n\t<div class=\"wpb_raw_code wpb_content_element wpb_raw_html vc_custom_1519229104214\" >\n\t\t<div class=\"wpb_wrapper\">\n\t\t\t<span class=\"icon-grape-icon\"><\/span>\n\t\t<\/div>\n\t<\/div>\n\n\t<div class=\"wpb_text_column wpb_content_element\" >\n\t\t<div class=\"wpb_wrapper\">\n\t\t\t<h3 style=\"margin: 0px; padding: 0px; text-align: left;\"><span style=\"color: #000000;\">CASTES<\/span><\/h3>\n<p style=\"font-size: 17px; text-align: left;\">Traditional grape varieties of the Douro<\/p>\n\n\t\t<\/div>\n\t<\/div>\n<\/div><\/div><\/div><div class=\"wpb_column vc_column_container vc_col-sm-4\"><div class=\"vc_column-inner\"><div class=\"wpb_wrapper\">\n\t<div class=\"wpb_raw_code wpb_content_element wpb_raw_html vc_custom_1519229114060\" >\n\t\t<div class=\"wpb_wrapper\">\n\t\t\t<span class=\"icon-wine-icon\"><\/span>\n\t\t<\/div>\n\t<\/div>\n\n\t<div class=\"wpb_text_column wpb_content_element\" >\n\t\t<div class=\"wpb_wrapper\">\n\t\t\t<h3 style=\"margin: 0px; padding: 0px; text-align: left;\"><span style=\"color: #000000;\">ALCOHOL CONTENT<\/span><\/h3>\n<p style=\"font-size: 17px; text-align: left;\"><span style=\"color: #575757;\">14.5% Vol.<\/span><\/p>\n\n\t\t<\/div>\n\t<\/div>\n<\/div><\/div><\/div><\/div><div class=\"vc_empty_space\"   style=\"height: 50px\" ><span class=\"vc_empty_space_inner\"><\/span><\/div>\n<div class=\"basel-button-wrapper text-center\"><a  target=\" _blank\" rel=\"\" title=\"\" href=\"http:\/\/searadordens.com\/wp-content\/uploads\/2024\/01\/Vindimas-3a-Edition.pdf\" class=\"btn btn-color-primary btn-style-default btn-size-extra-large\">Technical Specifications<\/a><\/div><\/div><\/div><\/div><\/div><div class=\"vc_row-full-width vc_clearfix\"><\/div><div data-vc-full-width=\"true\" data-vc-full-width-init=\"false\" data-vc-stretch-content=\"true\" class=\"vc_row wpb_row vc_row-fluid vc_row-o-equal-height vc_row-o-content-middle vc_row-flex\"><div class=\"wpb_column vc_column_container vc_col-sm-5\"><div class=\"vc_column-inner vc_custom_1519131442332\"><div class=\"wpb_wrapper\"><div \tclass=\"vc_icon_element vc_icon_element-outer vc_custom_1519129346535 vc_icon_element-align-left\">\n\t<div class=\"vc_icon_element-inner vc_icon_element-color-custom vc_icon_element-size-md vc_icon_element-style- vc_icon_element-background-color-grey\">\n\t\t<span class=\"vc_icon_element-icon fa fa-hourglass-o\" style=\"color:#a80000 !important\"><\/span><\/div>\n<\/div>\n\n\t<div class=\"wpb_text_column wpb_content_element\" >\n\t\t<div class=\"wpb_wrapper\">\n\t\t\t<h3 style=\"margin: 0px; padding: 0px; text-align: left;\"><span style=\"color: #000000;\">AGING CURVE<\/span><\/h3>\n<p style=\"font-size: 17px; text-align: left;\">It is an intense, mature wine, specific to the &quot;Terroir&quot; of the Douro region, and is expected to age positively in the bottle for many years after bottling.<\/p>\n\n\t\t<\/div>\n\t<\/div>\n<div \tclass=\"vc_icon_element vc_icon_element-outer vc_custom_1519129610779 vc_icon_element-align-left\">\n\t<div class=\"vc_icon_element-inner vc_icon_element-color-custom vc_icon_element-size-md vc_icon_element-style- vc_icon_element-background-color-grey\">\n\t\t<span class=\"vc_icon_element-icon fa fa-sticky-note-o\" style=\"color:#a80000 !important\"><\/span><\/div>\n<\/div>\n\n\t<div class=\"wpb_text_column wpb_content_element\" >\n\t\t<div class=\"wpb_wrapper\">\n\t\t\t<h3 style=\"margin: 0px; padding: 0px;\"><span style=\"color: #000000;\">TEST NOTES<\/span><\/h3>\n<p style=\"font-size: 17px;\">Deep ruby in color, this Douro wine reveals itself to be intensely fruity, with spices and great finesse. A quite complex wine, yet fresh and elegant.<\/p>\n\n\t\t<\/div>\n\t<\/div>\n<div \tclass=\"vc_icon_element vc_icon_element-outer vc_custom_1519129001714 vc_icon_element-align-left\">\n\t<div class=\"vc_icon_element-inner vc_icon_element-color-custom vc_icon_element-size-lg vc_icon_element-style- vc_icon_element-background-color-grey\">\n\t\t<span class=\"vc_icon_element-icon vc_li vc_li-food\" style=\"color:#a80000 !important\"><\/span><\/div>\n<\/div>\n\n\t<div class=\"wpb_text_column wpb_content_element\" >\n\t\t<div class=\"wpb_wrapper\">\n\t\t\t<h3 style=\"margin: 0px; padding: 0px;\"><span style=\"color: #000000;\">GASTRONOMY<\/span><\/h3>\n<p style=\"font-size: 17px;\">Buttery goat and sheep cheeses, traditional sausages, red meats, delicate and hearty dishes.<\/p>\n\n\t\t<\/div>\n\t<\/div>\n<\/div><\/div><\/div><div class=\"wpb_column vc_column_container vc_col-sm-7 vc_col-has-fill\"><div class=\"vc_column-inner vc_custom_1520351365676\"><div class=\"wpb_wrapper\"><\/div><\/div><\/div><\/div><div class=\"vc_row-full-width vc_clearfix\"><\/div>","protected":false},"excerpt":{"rendered":"VINHO DO DOURO QUINTA SEARA D'ORDENS VINDIMAS 3\u00aa EDI\u00c7\u00c3O As edi\u00e7\u00f5es Vindimas t\u00eam o prop\u00f3sito de lan\u00e7ar para o mercado","protected":false},"featured_media":3304,"comment_status":"open","ping_status":"closed","template":"","meta":[],"product_brand":[],"product_cat":[39,19],"product_tag":[],"class_list":{"0":"post-2833","1":"product","2":"type-product","3":"status-publish","4":"has-post-thumbnail","6":"product_cat-todos-vinhos-seara-dordens","7":"product_cat-vinho-do-douro-doc","9":"first","10":"instock","11":"shipping-taxable","12":"product-type-simple"},"_links":{"self":[{"href":"https:\/\/searadordens.com\/en\/wp-json\/wp\/v2\/product\/2833","targetHints":{"allow":["GET"]}}],"collection":[{"href":"https:\/\/searadordens.com\/en\/wp-json\/wp\/v2\/product"}],"about":[{"href":"https:\/\/searadordens.com\/en\/wp-json\/wp\/v2\/types\/product"}],"replies":[{"embeddable":true,"href":"https:\/\/searadordens.com\/en\/wp-json\/wp\/v2\/comments?post=2833"}],"wp:featuredmedia":[{"embeddable":true,"href":"https:\/\/searadordens.com\/en\/wp-json\/wp\/v2\/media\/3304"}],"wp:attachment":[{"href":"https:\/\/searadordens.com\/en\/wp-json\/wp\/v2\/media?parent=2833"}],"wp:term":[{"taxonomy":"product_brand","embeddable":true,"href":"https:\/\/searadordens.com\/en\/wp-json\/wp\/v2\/product_brand?post=2833"},{"taxonomy":"product_cat","embeddable":true,"href":"https:\/\/searadordens.com\/en\/wp-json\/wp\/v2\/product_cat?post=2833"},{"taxonomy":"product_tag","embeddable":true,"href":"https:\/\/searadordens.com\/en\/wp-json\/wp\/v2\/product_tag?post=2833"}],"curies":[{"name":"wp","href":"https:\/\/api.w.org\/{rel}","templated":true}]}}