{"id":2233,"date":"2020-04-20T10:18:32","date_gmt":"2020-04-20T10:18:32","guid":{"rendered":"http:\/\/searadordens.com\/?post_type=product&#038;p=2233"},"modified":"2024-11-30T14:28:09","modified_gmt":"2024-11-30T14:28:09","slug":"quinta-seara-dordens-rose-mater","status":"publish","type":"product","link":"https:\/\/searadordens.com\/en\/produtos\/quinta-seara-dordens-rose-mater\/","title":{"rendered":"Quinta Seara d&#039;Ordens Ros\u00e9 Mater"},"content":{"rendered":"<div data-vc-full-width=\"true\" data-vc-full-width-init=\"false\" data-vc-stretch-content=\"true\" class=\"vc_row wpb_row vc_row-fluid vc_row-o-full-height vc_row-o-columns-middle vc_row-o-equal-height vc_row-o-content-middle vc_row-flex\"><div class=\"wpb_column vc_column_container vc_col-sm-7 vc_col-has-fill\"><div class=\"vc_column-inner vc_custom_1539619341379\"><div class=\"wpb_wrapper\">\n\t<div  class=\"wpb_single_image wpb_content_element vc_align_center\">\n\t\t\n\t\t<figure class=\"wpb_wrapper vc_figure\">\n\t\t\t<div class=\"vc_single_image-wrapper   vc_box_border_grey\"><img loading=\"lazy\" decoding=\"async\" class=\"vc_single_image-img\" src=\"https:\/\/searadordens.com\/wp-content\/uploads\/2020\/04\/QuintaSearaDordensMaterRose-removebg-preview-e1624972881269-334x614.png\" width=\"334\" height=\"614\" alt=\"QuintaSearaDordensMaterRose-removebg-preview\" title=\"QuintaSearaDordensMaterRose-removebg-preview\" \/><\/div>\n\t\t<\/figure>\n\t<\/div>\n<\/div><\/div><\/div><div class=\"wpb_column vc_column_container vc_col-sm-5 vc_col-has-fill\"><div class=\"vc_column-inner vc_custom_1519130715680\"><div class=\"wpb_wrapper\">\n\t<div class=\"wpb_text_column wpb_content_element\" >\n\t\t<div class=\"wpb_wrapper\">\n\t\t\t<h5 style=\"margin: 0px; padding: 0px; text-align: left;\"><span style=\"color: #a80000;\">DOURO WINE<\/span><\/h5>\n<p style=\"font-family: Alegreya; font-size: 30px; margin: 0px; padding: 0px; text-align: left;\"><span style=\"color: #000000;\">QUINTA SEARA D&#039;ORDENS ROS\u00c9 MATER 2023<br \/>\n<\/span><\/p>\n<p style=\"font-size: 17px; text-align: left;\"><span style=\"color: #575757;\"><em><strong>MATER<\/strong> (from Latin Noun, Feminine):<\/em> She who fulfills the role of mother. The woman who gave birth to and raised her children. Throughout her life, she achieved harmony, gentleness, and consistency. We honor our mother, Rosa, for these attributes present in this Ros\u00e9 Mater. <\/span><\/p>\n\n\t\t<\/div>\n\t<\/div>\n<div class=\"vc_row wpb_row vc_inner vc_row-fluid\"><div class=\"wpb_column vc_column_container vc_col-sm-4\"><div class=\"vc_column-inner\"><div class=\"wpb_wrapper\"><div \tclass=\"vc_icon_element vc_icon_element-outer vc_custom_1519129913969 vc_icon_element-align-left\">\n\t<div class=\"vc_icon_element-inner vc_icon_element-color-custom vc_icon_element-size-lg vc_icon_element-style- vc_icon_element-background-color-grey\">\n\t\t<span class=\"vc_icon_element-icon vc_li vc_li-location\" style=\"color:#a80000 !important\"><\/span><\/div>\n<\/div>\n\n\t<div class=\"wpb_text_column wpb_content_element\" >\n\t\t<div class=\"wpb_wrapper\">\n\t\t\t<h3 style=\"margin: 0px; padding: 0px; text-align: left;\"><span style=\"color: #000000;\">REGION<\/span><\/h3>\n<p style=\"font-size: 17px; text-align: left;\"><span style=\"color: #575757;\">Douro DOC.<\/span><\/p>\n\n\t\t<\/div>\n\t<\/div>\n<\/div><\/div><\/div><div class=\"wpb_column vc_column_container vc_col-sm-4\"><div class=\"vc_column-inner\"><div class=\"wpb_wrapper\">\n\t<div class=\"wpb_raw_code wpb_content_element wpb_raw_html vc_custom_1519229104214\" >\n\t\t<div class=\"wpb_wrapper\">\n\t\t\t<span class=\"icon-grape-icon\"><\/span>\n\t\t<\/div>\n\t<\/div>\n\n\t<div class=\"wpb_text_column wpb_content_element\" >\n\t\t<div class=\"wpb_wrapper\">\n\t\t\t<h2>Castes<\/h2>\n<p>90% Touriga Nacional<\/p>\n<p>10% Roriz Ink<\/p>\n\n\t\t<\/div>\n\t<\/div>\n<\/div><\/div><\/div><div class=\"wpb_column vc_column_container vc_col-sm-4\"><div class=\"vc_column-inner\"><div class=\"wpb_wrapper\">\n\t<div class=\"wpb_raw_code wpb_content_element wpb_raw_html vc_custom_1519229114060\" >\n\t\t<div class=\"wpb_wrapper\">\n\t\t\t<span class=\"icon-wine-icon\"><\/span>\n\t\t<\/div>\n\t<\/div>\n\n\t<div class=\"wpb_text_column wpb_content_element\" >\n\t\t<div class=\"wpb_wrapper\">\n\t\t\t<h3 style=\"margin: 0px; padding: 0px; text-align: left;\"><span style=\"color: #000000;\">ALCOHOL CONTENT<\/span><\/h3>\n<p style=\"font-size: 17px; text-align: left;\"><span style=\"color: #575757;\">12.5% Vol.<\/span><\/p>\n\n\t\t<\/div>\n\t<\/div>\n<\/div><\/div><\/div><\/div><div class=\"vc_empty_space\"   style=\"height: 50px\" ><span class=\"vc_empty_space_inner\"><\/span><\/div>\n<div class=\"basel-button-wrapper text-center\"><a  target=\" _blank\" rel=\"\" title=\"\" href=\"https:\/\/searadordens.com\/wp-content\/uploads\/2024\/08\/Rose-mater-2023.pdf\" class=\"btn btn-color-primary btn-style-default btn-size-extra-large\">Technical Specifications<\/a><\/div><\/div><\/div><\/div><\/div><div class=\"vc_row-full-width vc_clearfix\"><\/div><div data-vc-full-width=\"true\" data-vc-full-width-init=\"false\" data-vc-stretch-content=\"true\" class=\"vc_row wpb_row vc_row-fluid vc_row-o-equal-height vc_row-o-content-middle vc_row-flex\"><div class=\"wpb_column vc_column_container vc_col-sm-5\"><div class=\"vc_column-inner vc_custom_1519131442332\"><div class=\"wpb_wrapper\"><div \tclass=\"vc_icon_element vc_icon_element-outer vc_custom_1519129346535 vc_icon_element-align-left\">\n\t<div class=\"vc_icon_element-inner vc_icon_element-color-custom vc_icon_element-size-md vc_icon_element-style- vc_icon_element-background-color-grey\">\n\t\t<span class=\"vc_icon_element-icon fa fa-hourglass-o\" style=\"color:#a80000 !important\"><\/span><\/div>\n<\/div>\n\n\t<div class=\"wpb_text_column wpb_content_element\" >\n\t\t<div class=\"wpb_wrapper\">\n\t\t\t<h3 style=\"margin: 0px; padding: 0px; text-align: left;\"><span style=\"color: #000000;\">AGING CURVE<\/span><\/h3>\n<p style=\"font-size: 17px; text-align: left;\"><span style=\"color: #575757;\">Positive aging in the bottle is expected for approximately 4 to 5 years after bottling.<\/span><\/p>\n\n\t\t<\/div>\n\t<\/div>\n<div \tclass=\"vc_icon_element vc_icon_element-outer vc_custom_1519129610779 vc_icon_element-align-left\">\n\t<div class=\"vc_icon_element-inner vc_icon_element-color-custom vc_icon_element-size-md vc_icon_element-style- vc_icon_element-background-color-grey\">\n\t\t<span class=\"vc_icon_element-icon fa fa-sticky-note-o\" style=\"color:#a80000 !important\"><\/span><\/div>\n<\/div>\n\n\t<div class=\"wpb_text_column wpb_content_element\" >\n\t\t<div class=\"wpb_wrapper\">\n\t\t\t<h3 style=\"margin: 0px; padding: 0px;\"><span style=\"color: #000000;\">TEST NOTES<\/span><\/h3>\n<p style=\"font-size: 17px;\">It has an intense, fruity aroma with elegant, fresh floral notes. The taste is smooth and delicate, with a fresh and persistent finish.<\/p>\n\n\t\t<\/div>\n\t<\/div>\n<div \tclass=\"vc_icon_element vc_icon_element-outer vc_custom_1519129001714 vc_icon_element-align-left\">\n\t<div class=\"vc_icon_element-inner vc_icon_element-color-custom vc_icon_element-size-lg vc_icon_element-style- vc_icon_element-background-color-grey\">\n\t\t<span class=\"vc_icon_element-icon vc_li vc_li-food\" style=\"color:#a80000 !important\"><\/span><\/div>\n<\/div>\n\n\t<div class=\"wpb_text_column wpb_content_element\" >\n\t\t<div class=\"wpb_wrapper\">\n\t\t\t<h3 style=\"margin: 0px; padding: 0px;\"><span style=\"color: #000000;\">GASTRONOMY<\/span><\/h3>\n<p style=\"font-size: 17px;\"><span style=\"color: #575757;\">Sushi, pastas, risottos and seafood.<\/span><\/p>\n\n\t\t<\/div>\n\t<\/div>\n<\/div><\/div><\/div><div class=\"wpb_column vc_column_container vc_col-sm-7 vc_col-has-fill\"><div class=\"vc_column-inner vc_custom_1624890998957\"><div class=\"wpb_wrapper\"><\/div><\/div><\/div><\/div><div class=\"vc_row-full-width vc_clearfix\"><\/div>","protected":false},"excerpt":{"rendered":"VINHO DO DOURO QUINTA SEARA D'ORDENS ROS\u00c9 MATER 2023 MATER (do Latim Sub. Fem): Aquela que desempenha a fun\u00e7\u00e3o de","protected":false},"featured_media":2797,"comment_status":"open","ping_status":"closed","template":"","meta":[],"product_brand":[],"product_cat":[39,19],"product_tag":[],"class_list":{"0":"post-2233","1":"product","2":"type-product","3":"status-publish","4":"has-post-thumbnail","6":"product_cat-todos-vinhos-seara-dordens","7":"product_cat-vinho-do-douro-doc","9":"first","10":"instock","11":"shipping-taxable","12":"product-type-simple"},"_links":{"self":[{"href":"https:\/\/searadordens.com\/en\/wp-json\/wp\/v2\/product\/2233","targetHints":{"allow":["GET"]}}],"collection":[{"href":"https:\/\/searadordens.com\/en\/wp-json\/wp\/v2\/product"}],"about":[{"href":"https:\/\/searadordens.com\/en\/wp-json\/wp\/v2\/types\/product"}],"replies":[{"embeddable":true,"href":"https:\/\/searadordens.com\/en\/wp-json\/wp\/v2\/comments?post=2233"}],"wp:featuredmedia":[{"embeddable":true,"href":"https:\/\/searadordens.com\/en\/wp-json\/wp\/v2\/media\/2797"}],"wp:attachment":[{"href":"https:\/\/searadordens.com\/en\/wp-json\/wp\/v2\/media?parent=2233"}],"wp:term":[{"taxonomy":"product_brand","embeddable":true,"href":"https:\/\/searadordens.com\/en\/wp-json\/wp\/v2\/product_brand?post=2233"},{"taxonomy":"product_cat","embeddable":true,"href":"https:\/\/searadordens.com\/en\/wp-json\/wp\/v2\/product_cat?post=2233"},{"taxonomy":"product_tag","embeddable":true,"href":"https:\/\/searadordens.com\/en\/wp-json\/wp\/v2\/product_tag?post=2233"}],"curies":[{"name":"wp","href":"https:\/\/api.w.org\/{rel}","templated":true}]}}