{"id":148,"date":"2018-01-16T17:31:35","date_gmt":"2018-01-16T17:31:35","guid":{"rendered":"http:\/\/searadordens.com\/?post_type=product&#038;p=148"},"modified":"2025-05-12T19:08:07","modified_gmt":"2025-05-12T19:08:07","slug":"carqueijal-rose","status":"publish","type":"product","link":"https:\/\/searadordens.com\/en\/produtos\/carqueijal-rose\/","title":{"rendered":"Ros\u00e9 Carqueijal"},"content":{"rendered":"<div data-vc-full-width=\"true\" data-vc-full-width-init=\"false\" data-vc-stretch-content=\"true\" class=\"vc_row wpb_row vc_row-fluid vc_row-o-full-height vc_row-o-columns-middle vc_row-o-equal-height vc_row-o-content-middle vc_row-flex\"><div class=\"wpb_column vc_column_container vc_col-sm-7 vc_col-has-fill\"><div class=\"vc_column-inner vc_custom_1522340244830\"><div class=\"wpb_wrapper\">\n\t<div  class=\"wpb_single_image wpb_content_element vc_align_center\">\n\t\t\n\t\t<figure class=\"wpb_wrapper vc_figure\">\n\t\t\t<div class=\"vc_single_image-wrapper   vc_box_border_grey\"><img loading=\"lazy\" decoding=\"async\" class=\"vc_single_image-img\" src=\"https:\/\/searadordens.com\/wp-content\/uploads\/2018\/01\/vinhos-rose-carqueijal-douro-quinta-seara-ordens-334x680.png\" width=\"334\" height=\"680\" alt=\"vinhos-rose-carqueijal-douro-quinta-seara-ordens\" title=\"ros\u00e9 wines - Carqueijal-Douro - Quinta Seara-Ordens\" \/><\/div>\n\t\t<\/figure>\n\t<\/div>\n<\/div><\/div><\/div><div class=\"wpb_column vc_column_container vc_col-sm-5 vc_col-has-fill\"><div class=\"vc_column-inner vc_custom_1519130715680\"><div class=\"wpb_wrapper\">\n\t<div class=\"wpb_text_column wpb_content_element\" >\n\t\t<div class=\"wpb_wrapper\">\n\t\t\t<h5 style=\"margin: 0px; padding: 0px; text-align: left;\"><span style=\"color: #a80000;\">DOURO WINE<\/span><\/h5>\n<p style=\"font-family: Alegreya; font-size: 30px; margin: 0px; padding: 0px; text-align: left;\"><span style=\"color: #000000;\">Ros\u00e9 Carqueja\u00a0<\/span><\/p>\n<p style=\"font-size: 17px; text-align: left;\">Very fruity with floral aromas, this Ros\u00e9 is a wine with a unique character and a strong personality, just like the region from which it comes. On the palate it is smooth and delicate with a persistent finish. It is recommended to consume it at a temperature between 8\/10\u00baC.<\/p>\n\n\t\t<\/div>\n\t<\/div>\n<div class=\"vc_row wpb_row vc_inner vc_row-fluid\"><div class=\"wpb_column vc_column_container vc_col-sm-4\"><div class=\"vc_column-inner\"><div class=\"wpb_wrapper\"><div \tclass=\"vc_icon_element vc_icon_element-outer vc_custom_1519129913969 vc_icon_element-align-left\">\n\t<div class=\"vc_icon_element-inner vc_icon_element-color-custom vc_icon_element-size-lg vc_icon_element-style- vc_icon_element-background-color-grey\">\n\t\t<span class=\"vc_icon_element-icon vc_li vc_li-location\" style=\"color:#a80000 !important\"><\/span><\/div>\n<\/div>\n\n\t<div class=\"wpb_text_column wpb_content_element\" >\n\t\t<div class=\"wpb_wrapper\">\n\t\t\t<h3 style=\"margin: 0px; padding: 0px; text-align: left;\"><span style=\"color: #000000;\">REGION<\/span><\/h3>\n<p style=\"font-size: 17px; text-align: left;\">Douro \/ VQPRD.<\/p>\n\n\t\t<\/div>\n\t<\/div>\n<\/div><\/div><\/div><div class=\"wpb_column vc_column_container vc_col-sm-4\"><div class=\"vc_column-inner\"><div class=\"wpb_wrapper\">\n\t<div class=\"wpb_raw_code wpb_content_element wpb_raw_html vc_custom_1519229104214\" >\n\t\t<div class=\"wpb_wrapper\">\n\t\t\t<span class=\"icon-grape-icon\"><\/span>\n\t\t<\/div>\n\t<\/div>\n\n\t<div class=\"wpb_text_column wpb_content_element\" >\n\t\t<div class=\"wpb_wrapper\">\n\t\t\t<h3 style=\"margin: 0px; padding: 0px; text-align: left;\"><span style=\"color: #000000;\">CASTES<\/span><\/h3>\n<p style=\"font-size: 17px; text-align: left;\">Baroque Paint<br \/>\nTouriga Franca<br \/>\nRoriz Ink<\/p>\n\n\t\t<\/div>\n\t<\/div>\n<\/div><\/div><\/div><div class=\"wpb_column vc_column_container vc_col-sm-4\"><div class=\"vc_column-inner\"><div class=\"wpb_wrapper\">\n\t<div class=\"wpb_raw_code wpb_content_element wpb_raw_html vc_custom_1519229114060\" >\n\t\t<div class=\"wpb_wrapper\">\n\t\t\t<span class=\"icon-wine-icon\"><\/span>\n\t\t<\/div>\n\t<\/div>\n\n\t<div class=\"wpb_text_column wpb_content_element\" >\n\t\t<div class=\"wpb_wrapper\">\n\t\t\t<h3 style=\"margin: 0px; padding: 0px; text-align: left;\"><span style=\"color: #000000;\">ALCOHOL CONTENT<\/span><\/h3>\n<p style=\"font-size: 17px; text-align: left;\"><span style=\"color: #575757;\">12.5% Vol.<\/span><\/p>\n\n\t\t<\/div>\n\t<\/div>\n<\/div><\/div><\/div><\/div><div class=\"vc_empty_space\"   style=\"height: 50px\" ><span class=\"vc_empty_space_inner\"><\/span><\/div>\n<div class=\"basel-button-wrapper text-center\"><a  target=\" _blank\" rel=\"\" title=\"Quinta Seara d&#039;Ordens Ros\u00e9 Carqueijal \" href=\"https:\/\/searadordens.com\/wp-content\/uploads\/2025\/04\/2.-Rose-Carqueijal-2024.pdf\" class=\"btn btn-color-primary btn-style-default btn-size-extra-large\">Technical Specifications<\/a><\/div><\/div><\/div><\/div><\/div><div class=\"vc_row-full-width vc_clearfix\"><\/div><div data-vc-full-width=\"true\" data-vc-full-width-init=\"false\" data-vc-stretch-content=\"true\" class=\"vc_row wpb_row vc_row-fluid vc_row-o-equal-height vc_row-o-content-middle vc_row-flex\"><div class=\"wpb_column vc_column_container vc_col-sm-5\"><div class=\"vc_column-inner vc_custom_1519131442332\"><div class=\"wpb_wrapper\"><div \tclass=\"vc_icon_element vc_icon_element-outer vc_custom_1519129346535 vc_icon_element-align-left\">\n\t<div class=\"vc_icon_element-inner vc_icon_element-color-custom vc_icon_element-size-md vc_icon_element-style- vc_icon_element-background-color-grey\">\n\t\t<span class=\"vc_icon_element-icon fa fa-hourglass-o\" style=\"color:#a80000 !important\"><\/span><\/div>\n<\/div>\n\n\t<div class=\"wpb_text_column wpb_content_element\" >\n\t\t<div class=\"wpb_wrapper\">\n\t\t\t<h3 style=\"margin: 0px; padding: 0px; text-align: left;\"><span style=\"color: #000000;\">AGING CURVE<\/span><\/h3>\n<p style=\"font-size: 17px; text-align: left;\">Positive aging in the bottle is expected for approximately 2 to 3 years after bottling.<\/p>\n\n\t\t<\/div>\n\t<\/div>\n<div \tclass=\"vc_icon_element vc_icon_element-outer vc_custom_1519129610779 vc_icon_element-align-left\">\n\t<div class=\"vc_icon_element-inner vc_icon_element-color-custom vc_icon_element-size-md vc_icon_element-style- vc_icon_element-background-color-grey\">\n\t\t<span class=\"vc_icon_element-icon fa fa-sticky-note-o\" style=\"color:#a80000 !important\"><\/span><\/div>\n<\/div>\n\n\t<div class=\"wpb_text_column wpb_content_element\" >\n\t\t<div class=\"wpb_wrapper\">\n\t\t\t<h3 style=\"margin: 0px; padding: 0px;\"><span style=\"color: #000000;\">TEST NOTES<\/span><\/h3>\n<p style=\"font-size: 17px;\">Ros\u00e9 in color, Carqueijal Ros\u00e9 is a Douro wine that presents an intense vinous and fruity aroma. On the palate, it reveals itself to be smooth and delicate with a persistent finish.<\/p>\n\n\t\t<\/div>\n\t<\/div>\n<div \tclass=\"vc_icon_element vc_icon_element-outer vc_custom_1519129001714 vc_icon_element-align-left\">\n\t<div class=\"vc_icon_element-inner vc_icon_element-color-custom vc_icon_element-size-lg vc_icon_element-style- vc_icon_element-background-color-grey\">\n\t\t<span class=\"vc_icon_element-icon vc_li vc_li-food\" style=\"color:#a80000 !important\"><\/span><\/div>\n<\/div>\n\n\t<div class=\"wpb_text_column wpb_content_element\" >\n\t\t<div class=\"wpb_wrapper\">\n\t\t\t<h3 style=\"margin: 0px; padding: 0px;\"><span style=\"color: #000000;\">GASTRONOMY<\/span><\/h3>\n<p style=\"font-size: 17px;\">Appetizers, white meats, sushi, and cod.<\/p>\n\n\t\t<\/div>\n\t<\/div>\n<\/div><\/div><\/div><div class=\"wpb_column vc_column_container vc_col-sm-7 vc_col-has-fill\"><div class=\"vc_column-inner vc_custom_1520351365676\"><div class=\"wpb_wrapper\"><\/div><\/div><\/div><\/div><div class=\"vc_row-full-width vc_clearfix\"><\/div><div class=\"vc_row wpb_row vc_row-fluid\"><div class=\"wpb_column vc_column_container vc_col-sm-12\"><div class=\"vc_column-inner\"><div class=\"wpb_wrapper\"><\/div><\/div><\/div><\/div>","protected":false},"excerpt":{"rendered":"VINHO DO DOURO ROS\u00c9 CARQUEIJAL\u00a0 Muito frutado e com aromas florais, este Ros\u00e9 \u00e9 um vinho com car\u00e1cter \u00fanico e","protected":false},"featured_media":3433,"comment_status":"open","ping_status":"closed","template":"","meta":[],"product_brand":[],"product_cat":[39,19],"product_tag":[],"class_list":{"0":"post-148","1":"product","2":"type-product","3":"status-publish","4":"has-post-thumbnail","6":"product_cat-todos-vinhos-seara-dordens","7":"product_cat-vinho-do-douro-doc","9":"first","10":"instock","11":"shipping-taxable","12":"product-type-simple"},"_links":{"self":[{"href":"https:\/\/searadordens.com\/en\/wp-json\/wp\/v2\/product\/148","targetHints":{"allow":["GET"]}}],"collection":[{"href":"https:\/\/searadordens.com\/en\/wp-json\/wp\/v2\/product"}],"about":[{"href":"https:\/\/searadordens.com\/en\/wp-json\/wp\/v2\/types\/product"}],"replies":[{"embeddable":true,"href":"https:\/\/searadordens.com\/en\/wp-json\/wp\/v2\/comments?post=148"}],"wp:featuredmedia":[{"embeddable":true,"href":"https:\/\/searadordens.com\/en\/wp-json\/wp\/v2\/media\/3433"}],"wp:attachment":[{"href":"https:\/\/searadordens.com\/en\/wp-json\/wp\/v2\/media?parent=148"}],"wp:term":[{"taxonomy":"product_brand","embeddable":true,"href":"https:\/\/searadordens.com\/en\/wp-json\/wp\/v2\/product_brand?post=148"},{"taxonomy":"product_cat","embeddable":true,"href":"https:\/\/searadordens.com\/en\/wp-json\/wp\/v2\/product_cat?post=148"},{"taxonomy":"product_tag","embeddable":true,"href":"https:\/\/searadordens.com\/en\/wp-json\/wp\/v2\/product_tag?post=148"}],"curies":[{"name":"wp","href":"https:\/\/api.w.org\/{rel}","templated":true}]}}