{"id":416,"date":"2018-02-12T11:55:57","date_gmt":"2018-02-12T11:55:57","guid":{"rendered":"http:\/\/searadordens.com\/?page_id=416"},"modified":"2026-03-29T15:39:53","modified_gmt":"2026-03-29T15:39:53","slug":"experiencias","status":"publish","type":"page","link":"https:\/\/searadordens.com\/en\/enoturismo\/experiencias\/","title":{"rendered":"Experiences"},"content":{"rendered":"<div class=\"vc_row wpb_row vc_row-fluid vc_custom_1521591907648\"><div class=\"wpb_column vc_column_container vc_col-sm-8 vc_col-md-offset-2\"><div class=\"vc_column-inner\"><div class=\"wpb_wrapper\">\n\t<div class=\"wpb_text_column wpb_content_element\" >\n\t\t<div class=\"wpb_wrapper\">\n\t\t\t<div style=\"text-align: center;\">\n\t\t\t\t<img loading=\"lazy\" decoding=\"async\" class=\"alignnone wp-image-50\" src=\"http:\/\/searadordens.com\/wp-content\/uploads\/2018\/01\/favicon-300x300.png\" alt=\"Seara d'Ordens\" width=\"48\" height=\"57\" \/><\/p>\n<h2>Discover the birthplace of our wines and come experience unique and authentic moments.<\/h2>\n<\/div>\n\n\t\t<\/div>\n\t<\/div>\n<\/div><\/div><\/div><\/div><div data-vc-full-width=\"true\" data-vc-full-width-init=\"false\" class=\"vc_row wpb_row vc_row-fluid\"><div class=\"wpb_column vc_column_container vc_col-sm-6\"><div class=\"vc_column-inner\"><div class=\"wpb_wrapper\">\n\t<div  class=\"wpb_single_image wpb_content_element vc_align_left  vc_custom_1773877217965\">\n\t\t\n\t\t<figure class=\"wpb_wrapper vc_figure\">\n\t\t\t<div class=\"vc_single_image-wrapper   vc_box_border_grey\"><img loading=\"lazy\" decoding=\"async\" width=\"960\" height=\"780\" src=\"https:\/\/searadordens.com\/wp-content\/uploads\/2026\/03\/douro_quinta_seara_ordens_Prova-classica_vinhos.jpg\" class=\"vc_single_image-img attachment-full\" alt=\"douro_quinta_seara_ordens_Prova-classica_vinhos\" srcset=\"https:\/\/searadordens.com\/wp-content\/uploads\/2026\/03\/douro_quinta_seara_ordens_Prova-classica_vinhos.jpg 960w, https:\/\/searadordens.com\/wp-content\/uploads\/2026\/03\/douro_quinta_seara_ordens_Prova-classica_vinhos-300x244.jpg 300w, https:\/\/searadordens.com\/wp-content\/uploads\/2026\/03\/douro_quinta_seara_ordens_Prova-classica_vinhos-768x624.jpg 768w, https:\/\/searadordens.com\/wp-content\/uploads\/2026\/03\/douro_quinta_seara_ordens_Prova-classica_vinhos-15x12.jpg 15w, https:\/\/searadordens.com\/wp-content\/uploads\/2026\/03\/douro_quinta_seara_ordens_Prova-classica_vinhos-394x320.jpg 394w, https:\/\/searadordens.com\/wp-content\/uploads\/2026\/03\/douro_quinta_seara_ordens_Prova-classica_vinhos-197x160.jpg 197w, https:\/\/searadordens.com\/wp-content\/uploads\/2026\/03\/douro_quinta_seara_ordens_Prova-classica_vinhos-295x240.jpg 295w\" sizes=\"auto, (max-width: 960px) 100vw, 960px\" \/><\/div>\n\t\t<\/figure>\n\t<\/div>\n\n\t<div class=\"wpb_text_column wpb_content_element\" >\n\t\t<div class=\"wpb_wrapper\">\n\t\t\t<h2><u>Classic tasting<\/u><\/h2>\n<p><strong>Includes:<\/strong><\/p>\n<ul>\n<li>Visit to the aging cellar<\/li>\n<li>Olive oil tasting<\/li>\n<li>Tasting of 2 Douro DOC wines + 3 Port wines<\/li>\n<li>Grape compote<\/li>\n<\/ul>\n<p><strong>Duration:<\/strong> 1 hour<\/p>\n<p><strong>Languages:<\/strong> Portuguese, English, French (subject to availability)<\/p>\n<p><strong>Minimum number of people:<\/strong> 2 pax<\/p>\n<p><strong>Maximum number of people:<\/strong> 25 pax<\/p>\n<div style=\"margin-top:12px;\">\n  <a href=\"https:\/\/searadordens.com\/en\/enoturismo\/agendar-visita\/?prova=prova-classica\" style=\"display:inline-block; background:#b30000; color:#ffffff; padding:10px 18px; text-decoration:none; font-weight:600; font-size:14px; border-radius:2px; line-height:1.2;\"><br \/>\nSCHEDULE EXAM<br \/>\n<\/a><\/div>\n\n\t\t<\/div>\n\t<\/div>\n<\/div><\/div><\/div><div class=\"wpb_column vc_column_container vc_col-sm-6\"><div class=\"vc_column-inner\"><div class=\"wpb_wrapper\">\n\t<div  class=\"wpb_single_image wpb_content_element vc_align_left  vc_custom_1773877306089\">\n\t\t\n\t\t<figure class=\"wpb_wrapper vc_figure\">\n\t\t\t<div class=\"vc_single_image-wrapper   vc_box_border_grey\"><img loading=\"lazy\" decoding=\"async\" width=\"960\" height=\"780\" src=\"https:\/\/searadordens.com\/wp-content\/uploads\/2026\/03\/douro_quinta_seara_ordens_Prova-privada_vinhos.jpg\" class=\"vc_single_image-img attachment-full\" alt=\"douro_quinta_seara_ordens_Prova-privada_vinhos\" srcset=\"https:\/\/searadordens.com\/wp-content\/uploads\/2026\/03\/douro_quinta_seara_ordens_Prova-privada_vinhos.jpg 960w, https:\/\/searadordens.com\/wp-content\/uploads\/2026\/03\/douro_quinta_seara_ordens_Prova-privada_vinhos-300x244.jpg 300w, https:\/\/searadordens.com\/wp-content\/uploads\/2026\/03\/douro_quinta_seara_ordens_Prova-privada_vinhos-768x624.jpg 768w, https:\/\/searadordens.com\/wp-content\/uploads\/2026\/03\/douro_quinta_seara_ordens_Prova-privada_vinhos-15x12.jpg 15w, https:\/\/searadordens.com\/wp-content\/uploads\/2026\/03\/douro_quinta_seara_ordens_Prova-privada_vinhos-394x320.jpg 394w, https:\/\/searadordens.com\/wp-content\/uploads\/2026\/03\/douro_quinta_seara_ordens_Prova-privada_vinhos-197x160.jpg 197w, https:\/\/searadordens.com\/wp-content\/uploads\/2026\/03\/douro_quinta_seara_ordens_Prova-privada_vinhos-295x240.jpg 295w\" sizes=\"auto, (max-width: 960px) 100vw, 960px\" \/><\/div>\n\t\t<\/figure>\n\t<\/div>\n\n\t<div class=\"wpb_text_column wpb_content_element\" >\n\t\t<div class=\"wpb_wrapper\">\n\t\t\t<h2><u>Private Tasting<\/u><\/h2>\n<p><strong>Includes:<\/strong><\/p>\n<ul>\n<li>Private experience<\/li>\n<li>Welcome drink<\/li>\n<li>Visit to the aging cellar<\/li>\n<li>Tasting of 2 Douro DOC wines + 3 Port wines (20-year-old white Port, Vintage Port, 20-year-old Tawny Port)<\/li>\n<li>Grape compote, chocolate trilogy<\/li>\n<\/ul>\n<p><strong>Duration:<\/strong> 1 hour<\/p>\n<p><strong>Languages:<\/strong> Portuguese, English, French (subject to availability)<\/p>\n<p><strong>Minimum number of people:<\/strong> 2 pax<\/p>\n<p><strong>Maximum number of people:<\/strong> 25 pax<\/p>\n<div style=\"margin-top:12px;\">\n  <a href=\"https:\/\/searadordens.com\/en\/enoturismo\/agendar-visita\/?prova=prova-privada\" style=\"display:inline-block; background:#b30000; color:#ffffff; padding:10px 18px; text-decoration:none; font-weight:600; font-size:14px; border-radius:2px;\"><br \/>\nSCHEDULE EXAM<br \/>\n<\/a><\/div>\n\n\t\t<\/div>\n\t<\/div>\n<\/div><\/div><\/div><\/div><div class=\"vc_row-full-width vc_clearfix\"><\/div><div data-vc-full-width=\"true\" data-vc-full-width-init=\"false\" class=\"vc_row wpb_row vc_row-fluid\"><div class=\"wpb_column vc_column_container vc_col-sm-6\"><div class=\"vc_column-inner\"><div class=\"wpb_wrapper\">\n\t<div  class=\"wpb_single_image wpb_content_element vc_align_left  vc_custom_1773877382703\">\n\t\t\n\t\t<figure class=\"wpb_wrapper vc_figure\">\n\t\t\t<div class=\"vc_single_image-wrapper   vc_box_border_grey\"><img loading=\"lazy\" decoding=\"async\" width=\"960\" height=\"780\" src=\"https:\/\/searadordens.com\/wp-content\/uploads\/2026\/03\/douro_quinta_seara_ordens_Prova-premium_vinhos.jpg\" class=\"vc_single_image-img attachment-full\" alt=\"douro_quinta_seara_ordens_Prova-premium_vinhos\" srcset=\"https:\/\/searadordens.com\/wp-content\/uploads\/2026\/03\/douro_quinta_seara_ordens_Prova-premium_vinhos.jpg 960w, https:\/\/searadordens.com\/wp-content\/uploads\/2026\/03\/douro_quinta_seara_ordens_Prova-premium_vinhos-300x244.jpg 300w, https:\/\/searadordens.com\/wp-content\/uploads\/2026\/03\/douro_quinta_seara_ordens_Prova-premium_vinhos-768x624.jpg 768w, https:\/\/searadordens.com\/wp-content\/uploads\/2026\/03\/douro_quinta_seara_ordens_Prova-premium_vinhos-15x12.jpg 15w, https:\/\/searadordens.com\/wp-content\/uploads\/2026\/03\/douro_quinta_seara_ordens_Prova-premium_vinhos-394x320.jpg 394w, https:\/\/searadordens.com\/wp-content\/uploads\/2026\/03\/douro_quinta_seara_ordens_Prova-premium_vinhos-197x160.jpg 197w, https:\/\/searadordens.com\/wp-content\/uploads\/2026\/03\/douro_quinta_seara_ordens_Prova-premium_vinhos-295x240.jpg 295w\" sizes=\"auto, (max-width: 960px) 100vw, 960px\" \/><\/div>\n\t\t<\/figure>\n\t<\/div>\n\n\t<div class=\"wpb_text_column wpb_content_element\" >\n\t\t<div class=\"wpb_wrapper\">\n\t\t\t<h2><u>Premium Private Tasting<\/u><\/h2>\n<p><strong>Includes:<\/strong><\/p>\n<ul>\n<li>Private experience<\/li>\n<li>Welcome drink<\/li>\n<li>Visit to the aging cellar<\/li>\n<li>Tasting of 3 Douro DOC wines (TalentVs range and limited editions) + 3 Port wines (20-Year-Old White Port, TalentVs Vintage Port, 30-Year-Old Tawny Port)<\/li>\n<li>Cheese, dried fruit, grape jam, chocolate trilogy<\/li>\n<\/ul>\n<p><strong>Duration:<\/strong> 1h15<\/p>\n<p><strong>Languages:<\/strong> Portuguese, English, French (subject to availability)<\/p>\n<p><strong>Minimum number of people:<\/strong> 2 pax<\/p>\n<p><strong>Maximum number of people:<\/strong> 15 pax<\/p>\n<div style=\"margin-top:12px;\">\n  <a href=\"https:\/\/searadordens.com\/en\/enoturismo\/agendar-visita\/?prova=prova-privada-premium\" style=\"display:inline-block; background:#b30000; color:#ffffff; padding:10px 18px; text-decoration:none; font-weight:600; font-size:14px; border-radius:2px;\"><br \/>\nSCHEDULE EXAM<br \/>\n<\/a><\/div>\n\n\t\t<\/div>\n\t<\/div>\n<\/div><\/div><\/div><div class=\"wpb_column vc_column_container vc_col-sm-6\"><div class=\"vc_column-inner\"><div class=\"wpb_wrapper\">\n\t<div  class=\"wpb_single_image wpb_content_element vc_align_left  vc_custom_1773877491953\">\n\t\t\n\t\t<figure class=\"wpb_wrapper vc_figure\">\n\t\t\t<div class=\"vc_single_image-wrapper   vc_box_border_grey\"><img loading=\"lazy\" decoding=\"async\" width=\"960\" height=\"780\" src=\"https:\/\/searadordens.com\/wp-content\/uploads\/2026\/03\/douro_quinta_seara_ordens_outras-experiencia_vinhos.jpg\" class=\"vc_single_image-img attachment-full\" alt=\"douro_quinta_seara_ordens_outras-experiencia_vinhos\" srcset=\"https:\/\/searadordens.com\/wp-content\/uploads\/2026\/03\/douro_quinta_seara_ordens_outras-experiencia_vinhos.jpg 960w, https:\/\/searadordens.com\/wp-content\/uploads\/2026\/03\/douro_quinta_seara_ordens_outras-experiencia_vinhos-300x244.jpg 300w, https:\/\/searadordens.com\/wp-content\/uploads\/2026\/03\/douro_quinta_seara_ordens_outras-experiencia_vinhos-768x624.jpg 768w, https:\/\/searadordens.com\/wp-content\/uploads\/2026\/03\/douro_quinta_seara_ordens_outras-experiencia_vinhos-15x12.jpg 15w, https:\/\/searadordens.com\/wp-content\/uploads\/2026\/03\/douro_quinta_seara_ordens_outras-experiencia_vinhos-394x320.jpg 394w, https:\/\/searadordens.com\/wp-content\/uploads\/2026\/03\/douro_quinta_seara_ordens_outras-experiencia_vinhos-197x160.jpg 197w, https:\/\/searadordens.com\/wp-content\/uploads\/2026\/03\/douro_quinta_seara_ordens_outras-experiencia_vinhos-295x240.jpg 295w\" sizes=\"auto, (max-width: 960px) 100vw, 960px\" \/><\/div>\n\t\t<\/figure>\n\t<\/div>\n\n\t<div class=\"wpb_text_column wpb_content_element\" >\n\t\t<div class=\"wpb_wrapper\">\n\t\t\t<h2><u>Other Services<\/u><\/h2>\n<p><strong>Includes:<\/strong><\/p>\n<ul>\n<li>Mixed Board<\/li>\n<\/ul>\n<p style=\"color: #4c4c4c; font-size: 0.9em;\">*Wine not included.<\/p>\n<p>*Illustrative image.<\/p>\n<p>*Subject to availability.<\/p>\n<ul>\n<li>Wine by the Glass<\/li>\n<li>Outdoor seating service<\/li>\n<\/ul>\n\n\t\t<\/div>\n\t<\/div>\n<\/div><\/div><\/div><\/div><div class=\"vc_row-full-width vc_clearfix\"><\/div><div class=\"vc_row wpb_row vc_row-fluid\"><div class=\"wpb_column vc_column_container vc_col-sm-4 vc_col-md-offset-4\"><div class=\"vc_column-inner\"><div class=\"wpb_wrapper\"><div class=\"vc_empty_space\"   style=\"height: 32px\" ><span class=\"vc_empty_space_inner\"><\/span><\/div>\n<div class=\"basel-button-wrapper text-center\"><a  target=\"\" rel=\"\" title=\"\" href=\"http:\/\/searadordens.com\/en\/agendar-visita\/\" class=\"btn btn-color-primary btn-style-default btn-size-default\">SCHEDULE YOUR VISIT<\/a><\/div><div class=\"vc_empty_space\"   style=\"height: 45px\" ><span class=\"vc_empty_space_inner\"><\/span><\/div>\n<\/div><\/div><\/div><\/div>","protected":false},"excerpt":{"rendered":"Conhe\u00e7a o local que \u00e9 ber\u00e7o dos nossos vinhos e venha viver momentos \u00fanicos e aut\u00eanticos. Prova Cl\u00e1ssica Inclui: Visita","protected":false},"author":2,"featured_media":0,"parent":1906,"menu_order":0,"comment_status":"closed","ping_status":"closed","template":"","meta":{"footnotes":""},"class_list":["post-416","page","type-page","status-publish","hentry"],"_links":{"self":[{"href":"https:\/\/searadordens.com\/en\/wp-json\/wp\/v2\/pages\/416","targetHints":{"allow":["GET"]}}],"collection":[{"href":"https:\/\/searadordens.com\/en\/wp-json\/wp\/v2\/pages"}],"about":[{"href":"https:\/\/searadordens.com\/en\/wp-json\/wp\/v2\/types\/page"}],"author":[{"embeddable":true,"href":"https:\/\/searadordens.com\/en\/wp-json\/wp\/v2\/users\/2"}],"replies":[{"embeddable":true,"href":"https:\/\/searadordens.com\/en\/wp-json\/wp\/v2\/comments?post=416"}],"version-history":[{"count":64,"href":"https:\/\/searadordens.com\/en\/wp-json\/wp\/v2\/pages\/416\/revisions"}],"predecessor-version":[{"id":3495,"href":"https:\/\/searadordens.com\/en\/wp-json\/wp\/v2\/pages\/416\/revisions\/3495"}],"up":[{"embeddable":true,"href":"https:\/\/searadordens.com\/en\/wp-json\/wp\/v2\/pages\/1906"}],"wp:attachment":[{"href":"https:\/\/searadordens.com\/en\/wp-json\/wp\/v2\/media?parent=416"}],"curies":[{"name":"wp","href":"https:\/\/api.w.org\/{rel}","templated":true}]}}