{"id":2021,"date":"2018-06-12T11:37:35","date_gmt":"2018-06-12T11:37:35","guid":{"rendered":"http:\/\/searadordens.com\/?page_id=2021"},"modified":"2024-11-16T18:26:44","modified_gmt":"2024-11-16T18:26:44","slug":"politica-de-privacidade","status":"publish","type":"page","link":"https:\/\/searadordens.com\/en\/politica-de-privacidade\/","title":{"rendered":"Privacy Policy"},"content":{"rendered":"<p><strong>Privacy and Data Protection Policy<\/strong><\/p>\n<ol>\n<li><span style=\"font-weight: 400;\"> Data Controller:<\/span><span style=\"font-weight: 400;\"><br \/><\/span><span style=\"font-weight: 400;\">Sociedade Agr\u00edcola Quinta Seara d&#039;Ordens, Lda (Quinta Seara d&#039;Ordens) ensures the protection of the personal data of its website users, strictly complying with the General Data Protection Regulation (GDPR) of the European Union. The data collected is used exclusively to provide products and services and improve our quality.<\/span><\/li>\n<\/ol>\n<p><span style=\"font-weight: 400;\">Under no circumstances do we share your data with third parties, except with public authorities when required by law. Visiting our website does not, in itself, imply the collection of personal data, but we automatically collect some technical data to optimize navigation. In some areas of the site, personal data may be requested, always in a clear and transparent manner.<\/span><\/p>\n<p><span style=\"font-weight: 400;\">Below, we detail the types of data collected, their purpose, and your rights regarding the information, correction, and deletion of the data provided.<\/span><\/p>\n<p>\u00a0<\/p>\n<ol start=\"2\">\n<li><span style=\"font-weight: 400;\"> Definitions:<\/span><\/li>\n<\/ol>\n<ul>\n<li style=\"font-weight: 400;\" aria-level=\"1\"><span style=\"font-weight: 400;\">User: An individual who uses the website.<\/span><\/li>\n<li style=\"font-weight: 400;\" aria-level=\"1\"><span style=\"font-weight: 400;\">Personal Data: Any information provided by the user (name, email, IP address, among others).<\/span><\/li>\n<li style=\"font-weight: 400;\" aria-level=\"1\"><span style=\"font-weight: 400;\">Personal Data Processing: All operations performed with the data (collection, storage, deletion, etc.).<\/span><\/li>\n<\/ul>\n<p>\u00a0<\/p>\n<ol start=\"3\">\n<li><span style=\"font-weight: 400;\"> Data request:<\/span><\/li>\n<\/ol>\n<p><span style=\"font-weight: 400;\">Quinta Seara d&#039;Ordens&#039; main focus is customer satisfaction, and therefore needs to collect personal data from its clients.<\/span><\/p>\n<p><span style=\"font-weight: 400;\">If you wish to visit the Quinta Seara d&#039;Ordens facilities, you can fill out a form available for this purpose on our website. You will be asked for some personal information (name, phone number and email address).\u00a0<\/span><\/p>\n<p><span style=\"font-weight: 400;\">The purpose of collecting this data is solely to enable us to respond to your visit scheduling request with a minimum of personalization, and it will not be used for any other purpose. You can also contact Quinta Seara d&#039;Ordens directly through other channels indicated in the &quot;Contact Us&quot; link.<\/span><\/p>\n<ol start=\"4\">\n<li><span style=\"font-weight: 400;\">Purposes of Data Processing:<\/span><span style=\"font-weight: 400;\"><br \/><\/span><span style=\"font-weight: 400;\">The data is collected for:<\/span><\/li>\n<\/ol>\n<ul>\n<li style=\"font-weight: 400;\" aria-level=\"1\"><span style=\"font-weight: 400;\">Account Registration and Management: Accessing and updating personal data.<\/span><\/li>\n<li style=\"font-weight: 400;\" aria-level=\"1\"><span style=\"font-weight: 400;\">Order Fulfillment: Processing purchases, reservations at Quinta Seara d&#039;Ordens facilities, and responding to contact requests.<\/span><\/li>\n<li style=\"font-weight: 400;\" aria-level=\"1\"><span style=\"font-weight: 400;\">Customer Support: Resolving issues through contact forms.<\/span><\/li>\n<\/ul>\n<ol start=\"5\">\n<li><span style=\"font-weight: 400;\">Data Security and Retention:<\/span><span style=\"font-weight: 400;\"><br \/><\/span><span style=\"font-weight: 400;\">Quinta Seara d&#039;Ordens has established a maximum retention period of 10 years for your personal data. After this period, we will contact you to confirm whether you wish to keep your data in our database. If we do not receive a response, your data will be automatically deleted.<\/span><\/li>\n<\/ol>\n<p><span style=\"font-weight: 400;\">We have implemented technical and organizational measures to protect data against unauthorized access and maintain its confidentiality. Data is retained only as long as necessary to fulfill the purposes for which it was stored or as required by applicable law.<br \/><br \/><\/span><\/p>\n<ol start=\"6\">\n<li><span style=\"font-weight: 400;\">Data Sharing with Third Parties:<\/span><span style=\"font-weight: 400;\"><br \/><\/span><span style=\"font-weight: 400;\">Data may be shared with legal authorities or service providers only to the extent necessary for the performance of the contracted services.<\/span><\/li>\n<\/ol>\n<p>\u00a0<\/p>\n<ol start=\"7\">\n<li><span style=\"font-weight: 400;\"> Links to external websites<\/span><\/li>\n<\/ol>\n<p><span style=\"font-weight: 400;\">Our Privacy and Data Protection Policy applies exclusively to our website. However, the Quinta Seara d&#039;Ordens website may contain links to partner websites. Linking to these websites always requires a user click on the respective link; the connection is never automatic. It is absolutely impossible for Quinta Seara d&#039;Ordens to guarantee that the data protection practices of these entities comply with the law and our ethical requirements.<\/span><\/p>\n<p><span style=\"font-weight: 400;\">Therefore, Quinta Seara d&#039;Ordens cannot be held responsible for the content or privacy policies of other external websites, and any damage or illegal situation that may result from visiting those websites is the sole responsibility of their owners.<br \/><\/span><\/p>\n<ol start=\"8\">\n<li><span style=\"font-weight: 400;\"> User Rights Regarding Data:<\/span><span style=\"font-weight: 400;\"><br \/><\/span><span style=\"font-weight: 400;\">The user may request access to, correction, deletion, or limitation of the processing of their data at any time by contacting us using the information provided on our website or directly through... <\/span><a href=\"mailto:geral@searadordens.com\"><span style=\"font-weight: 400;\">geral@searadordens.com<\/span><\/a><span style=\"font-weight: 400;\">.\u00a0<\/span><\/li>\n<\/ol>\n<p><span style=\"font-weight: 400;\">Data subjects have the following rights, which they can exercise easily and free of charge:<\/span><\/p>\n<ul>\n<li style=\"font-weight: 400;\" aria-level=\"1\"><span style=\"font-weight: 400;\">Right of Access: the right to obtain confirmation as to what personal data is being processed and information about it.<\/span><\/li>\n<li style=\"font-weight: 400;\" aria-level=\"1\"><span style=\"font-weight: 400;\">Right to Access or Copy: the right to view or obtain a copy of your personal data, such as invoices or written agreements.<\/span><\/li>\n<li style=\"font-weight: 400;\" aria-level=\"1\"><span style=\"font-weight: 400;\">Right of Rectification: the right to request the correction of any inaccurate personal data or the completion of incomplete personal data.<\/span><\/li>\n<li style=\"font-weight: 400;\" aria-level=\"1\"><span style=\"font-weight: 400;\">Right to Erasure of Data or \u201cRight to Be Forgotten\u201d: the right to obtain the erasure of your personal data, provided that there are no valid grounds for its retention, such as in cases where Quinta Seara d&#039;Ordens needs to retain data to comply with a legal obligation or to exercise a right.<\/span><\/li>\n<li style=\"font-weight: 400;\" aria-level=\"1\"><span style=\"font-weight: 400;\">Right to Data Portability: the right to receive the data provided in a commonly used and machine-readable digital format.<\/span><\/li>\n<li style=\"font-weight: 400;\" aria-level=\"1\"><span style=\"font-weight: 400;\">Right to Withdraw Consent: If data processing is based on consent, the user has the right to withdraw their consent at any time, without compromising the legality of processing previously carried out based on the consent given.<\/span><\/li>\n<li style=\"font-weight: 400;\" aria-level=\"1\"><span style=\"font-weight: 400;\">Right to Object: the right to object to the processing of your personal data for the purposes of Quinta Seara d&#039;Ordens&#039; legitimate interests, direct marketing, or profiling based on your preferences or interests.<\/span><\/li>\n<li style=\"font-weight: 400;\" aria-level=\"1\"><span style=\"font-weight: 400;\">Right to Restriction of Processing: the right to request the restriction of the processing of your personal data, which can be exercised in two ways: (1) suspension of processing or (2) limitation of processing to certain categories of data or purposes.<\/span><\/li>\n<li style=\"font-weight: 400;\" aria-level=\"1\"><span style=\"font-weight: 400;\">Right to Lodge Complaints: You have the right to lodge a complaint with the supervisory authority, the National Data Protection Commission (CNPD), or directly with Quinta Seara d&#039;Ordens, if you believe that your data is not being processed lawfully.<\/span><\/li>\n<\/ul>\n<ol start=\"9\">\n<li><span style=\"font-weight: 400;\"> Cookies and Similar Technologies:<\/span><span style=\"font-weight: 400;\"><br \/><\/span><span style=\"font-weight: 400;\">We use cookies to improve the user experience on the website. This data is used for statistical purposes and to personalize browsing, without personally identifying users. Users can configure their browser to refuse cookies, although this may affect the functionality of the website.<br \/><br \/><\/span><\/li>\n<li><span style=\"font-weight: 400;\"> Privacy Policy Updates:<\/span><span style=\"font-weight: 400;\"><br \/><\/span><span style=\"font-weight: 400;\">We reserve the right to amend this policy whenever necessary to ensure compliance with applicable law and to reflect improvements in our data protection processes.<br \/><br \/><\/span><\/li>\n<li><span style=\"font-weight: 400;\"> Contact and Privacy Questions:<\/span><span style=\"font-weight: 400;\"><br \/><\/span><span style=\"font-weight: 400;\">For further information or to exercise your rights, please contact:<\/span><\/li>\n<\/ol>\n<ul>\n<li style=\"font-weight: 400;\" aria-level=\"1\"><span style=\"font-weight: 400;\">Sociedade Agr\u00edcola Quinta Seara d&#039;Ordens, Lda<\/span><\/li>\n<li style=\"font-weight: 400;\" aria-level=\"1\"><span style=\"font-weight: 400;\">Address: Quinta Seara d&#039;Ordens, 5050-341 Poiares \u2013 Peso da R\u00e9gua<\/span><\/li>\n<li style=\"font-weight: 400;\" aria-level=\"1\"><span style=\"font-weight: 400;\">Telephone: +351 254 906 415<\/span><\/li>\n<li style=\"font-weight: 400;\" aria-level=\"1\"><span style=\"font-weight: 400;\">Email: geral@searadordens.com<br \/><br \/><\/span><\/li>\n<\/ul>\n<ol start=\"12\">\n<li><span style=\"font-weight: 400;\"> Applicable Law and Jurisdiction<\/span><\/li>\n<\/ol>\n<p><span style=\"font-weight: 400;\">The Privacy Policy, as well as the collection, processing, or transmission of Customer and Employee Data, are governed by the provisions of Regulation (EU) 2016\/679 of the European Parliament and of the Council of 27 April 2016 and by the applicable legislation and regulations in Portugal. Any disputes arising from the validity, interpretation, or execution of the Privacy Policy, or related to the collection, processing, or transmission of Customer data, shall be submitted exclusively to the jurisdiction of the courts of the district of Porto, without prejudice to applicable mandatory legal provisions.<\/span><\/p>\n<p>\u00a0<\/p>\n<ol start=\"12\">\n<li><span style=\"font-weight: 400;\"> Acceptance of our Privacy and Data Protection Policy<\/span><\/li>\n<\/ol>\n<p><span style=\"font-weight: 400;\">By consenting to our website, you implicitly agree to the use of your personal data, as described above.<\/span><\/p>\n<p><span style=\"font-weight: 400;\">As our website evolves and new technologies are adopted, it may be necessary to make changes to our Privacy and Data Protection Policy. Quinta Seara d&#039;Ordens reserves the right to modify its Privacy and Data Protection Policy at any time.\u00a0<\/span><\/p>\n<p><span style=\"font-weight: 400;\">We suggest that you visit this Privacy Policy regularly to stay updated on our data protection practices.<\/span><\/p>\n<p><span style=\"font-weight: 400;\">Last updated on November 31, 2024.<\/span><\/p>\n\n\n<p><\/p>","protected":false},"excerpt":{"rendered":"<p>Pol\u00edtica de Privacidade e Prote\u00e7\u00e3o de Dados Respons\u00e1vel pelo Tratamento de Dados:A Sociedade Agr\u00edcola Quinta Seara d\u2019Ordens, Lda (Quinta Seara<\/p>","protected":false},"author":1,"featured_media":0,"parent":0,"menu_order":0,"comment_status":"closed","ping_status":"closed","template":"","meta":{"footnotes":""},"class_list":["post-2021","page","type-page","status-publish","hentry"],"_links":{"self":[{"href":"https:\/\/searadordens.com\/en\/wp-json\/wp\/v2\/pages\/2021","targetHints":{"allow":["GET"]}}],"collection":[{"href":"https:\/\/searadordens.com\/en\/wp-json\/wp\/v2\/pages"}],"about":[{"href":"https:\/\/searadordens.com\/en\/wp-json\/wp\/v2\/types\/page"}],"author":[{"embeddable":true,"href":"https:\/\/searadordens.com\/en\/wp-json\/wp\/v2\/users\/1"}],"replies":[{"embeddable":true,"href":"https:\/\/searadordens.com\/en\/wp-json\/wp\/v2\/comments?post=2021"}],"version-history":[{"count":4,"href":"https:\/\/searadordens.com\/en\/wp-json\/wp\/v2\/pages\/2021\/revisions"}],"predecessor-version":[{"id":3363,"href":"https:\/\/searadordens.com\/en\/wp-json\/wp\/v2\/pages\/2021\/revisions\/3363"}],"wp:attachment":[{"href":"https:\/\/searadordens.com\/en\/wp-json\/wp\/v2\/media?parent=2021"}],"curies":[{"name":"wp","href":"https:\/\/api.w.org\/{rel}","templated":true}]}}